{"id":102,"date":"2019-02-06T10:35:07","date_gmt":"2019-02-06T10:35:07","guid":{"rendered":"http:\/\/praxis-leonhardt.de\/?page_id=102"},"modified":"2019-02-11T21:46:28","modified_gmt":"2019-02-11T21:46:28","slug":"anfahrtsbeschreibung","status":"publish","type":"page","link":"https:\/\/praxis-leonhardt.de\/?page_id=102","title":{"rendered":"Anfahrtsbeschreibung"},"content":{"rendered":"\n<figure><iframe loading=\"lazy\" src=\"https:\/\/www.google.com\/maps\/embed?pb=!1m18!1m12!1m3!1d2471.0777701791303!2d10.251426015701622!3d51.7316128796726!2m3!1f0!2f0!3f0!3m2!1i1024!2i768!4f13.1!3m3!1m2!1s0x47a52525400ad663%3A0xa76b1210322e0e40!2sHeinrich-Sohnrey-Stra%C3%9Fe+13%2C+37520+Osterode+am+Harz!5e0!3m2!1sde!2sde!4v1548433458659\" allowfullscreen=\"\" width=\"600\" height=\"450\"><\/iframe><\/figure>\n\n\n\n<blockquote class=\"wp-block-quote is-style-default is-layout-flow wp-block-quote-is-layout-flow\"><p><strong>Dr. med. Martin Leonhardt<\/strong><\/p><p><strong>Heinrich-Sohnrey-Str. 13<\/strong><\/p><p><strong>37520 Osterode am Harz<\/strong><\/p><\/blockquote>\n\n\n\n<figure class=\"wp-block-image\"><img loading=\"lazy\" decoding=\"async\" width=\"600\" height=\"450\" src=\"https:\/\/praxis-leonhardt.de\/wp-content\/uploads\/2019\/02\/praxis-anfahrt.jpg\" alt=\"\" class=\"wp-image-110\" srcset=\"https:\/\/praxis-leonhardt.de\/wp-content\/uploads\/2019\/02\/praxis-anfahrt.jpg 600w, https:\/\/praxis-leonhardt.de\/wp-content\/uploads\/2019\/02\/praxis-anfahrt-300x225.jpg 300w\" sizes=\"auto, (max-width: 600px) 100vw, 600px\" \/><\/figure>\n\n\n\n<p>Parkpl\u00e4tze befinden sich direkt vor dem Haus.<\/p>\n\n\n\n<p>Die Praxis befindet sich am Ende der Heinrich-Sohnrey-Stra\u00dfe auf der linken Seite direkt am Wendehammer.<\/p>\n\n\n\n<div class=\"wp-block-image\"><figure class=\"alignleft is-resized\"><img loading=\"lazy\" decoding=\"async\" src=\"https:\/\/praxis-leonhardt.de\/wp-content\/uploads\/2019\/02\/rollstuhl.gif\" alt=\"\" class=\"wp-image-106\" width=\"35\" height=\"41\"\/><\/figure><\/div>\n\n\n\n<p>Unsere Praxisr\u00e4ume sind <strong>ebenerdig<\/strong> und somit <strong>rollstuhlgerecht<\/strong> zug\u00e4nglich.<\/p>\n","protected":false},"excerpt":{"rendered":"<p>Dr. med. Martin Leonhardt Heinrich-Sohnrey-Str. 13 37520 Osterode am Harz Parkpl\u00e4tze befinden sich direkt vor dem Haus. Die Praxis befindet sich am Ende der Heinrich-Sohnrey-Stra\u00dfe auf der linken Seite direkt am Wendehammer. Unsere Praxisr\u00e4ume sind ebenerdig und somit rollstuhlgerecht zug\u00e4nglich.<\/p>\n","protected":false},"author":1,"featured_media":0,"parent":0,"menu_order":0,"comment_status":"closed","ping_status":"closed","template":"","meta":{"footnotes":""},"class_list":["post-102","page","type-page","status-publish","hentry"],"_links":{"self":[{"href":"https:\/\/praxis-leonhardt.de\/index.php?rest_route=\/wp\/v2\/pages\/102","targetHints":{"allow":["GET"]}}],"collection":[{"href":"https:\/\/praxis-leonhardt.de\/index.php?rest_route=\/wp\/v2\/pages"}],"about":[{"href":"https:\/\/praxis-leonhardt.de\/index.php?rest_route=\/wp\/v2\/types\/page"}],"author":[{"embeddable":true,"href":"https:\/\/praxis-leonhardt.de\/index.php?rest_route=\/wp\/v2\/users\/1"}],"replies":[{"embeddable":true,"href":"https:\/\/praxis-leonhardt.de\/index.php?rest_route=%2Fwp%2Fv2%2Fcomments&post=102"}],"version-history":[{"count":8,"href":"https:\/\/praxis-leonhardt.de\/index.php?rest_route=\/wp\/v2\/pages\/102\/revisions"}],"predecessor-version":[{"id":180,"href":"https:\/\/praxis-leonhardt.de\/index.php?rest_route=\/wp\/v2\/pages\/102\/revisions\/180"}],"wp:attachment":[{"href":"https:\/\/praxis-leonhardt.de\/index.php?rest_route=%2Fwp%2Fv2%2Fmedia&parent=102"}],"curies":[{"name":"wp","href":"https:\/\/api.w.org\/{rel}","templated":true}]}}