{"id":117,"date":"2019-02-10T13:33:44","date_gmt":"2019-02-10T13:33:44","guid":{"rendered":"http:\/\/praxis-leonhardt.de\/?page_id=117"},"modified":"2025-04-23T10:16:32","modified_gmt":"2025-04-23T10:16:32","slug":"weiterfuehrende-links","status":"publish","type":"page","link":"https:\/\/praxis-leonhardt.de\/?page_id=117","title":{"rendered":"Weiterf\u00fchrende Links"},"content":{"rendered":"\n<h2 class=\"wp-block-heading\">\n\t\t\tWeiterf\u00fchrende Links\t<\/h2>\n\n\n\n<p>\u00dcber diese Links finden Sie medizinische Informationen, Infos zu Krankenh\u00e4usern und Fach\u00e4rzten in Osterode und Umgebung.<\/p>\n\n\n\n<p>Wenn Sie einem Link folgen, dann verlassen unsere Website. F\u00fcr den \nInhalt der folgenden Seiten sind wir nicht mehr verantwortlich.<\/p>\n\n\n\n<h3 class=\"wp-block-heading\">Sie suchen einen Facharzt in Ihrer N\u00e4he?<\/h3>\n\n\n\n<p>Hier finden Sie \u00c4rzte verschiedener Fachrichtungen in Ihrer Umgebung:<\/p>\n\n\n\n<p><a href=\"http:\/\/www.arztauskunft-niedersachsen.de\/\" target=\"_blank\" rel=\"noreferrer noopener\">Arztauskunft Niedersachsen<\/a><\/p>\n\n\n\n<h3 class=\"wp-block-heading\">Krankenh\u00e4user in der Region<\/h3>\n\n\n\n<p><a href=\"https:\/\/www.helios-gesundheit.de\/kliniken\/herzberg-osterode\/\" target=\"_blank\" rel=\"noreferrer noopener\">HELIOS Klinik Herzberg\/Osterode<\/a><\/p>\n\n\n\n<p><a href=\"https:\/\/www.helios-gesundheit.de\/kliniken\/northeim\/\" target=\"_blank\" rel=\"noreferrer noopener\">HELIOS Albert-Schweitzer-Klinik Northeim<\/a><\/p>\n\n\n\n<p><a href=\"http:\/\/www.diabeteszentrum.de\" target=\"_blank\" rel=\"noreferrer noopener\">Diabeteszentrum Bad Lauterberg im Harz<\/a> &#8211; Fachklinik f\u00fcr Diabetes und Stoffwechselkrankheiten<\/p>\n\n\n\n<p><a href=\"https:\/\/www.asklepios.com\/seesen\/\" target=\"_blank\" rel=\"noreferrer noopener\">Fachklinikum Seesen<\/a> ASKLEPIOS Kliniken Schildautal<\/p>\n\n\n\n<p><a href=\"https:\/\/www.helios-gesundheit.de\/kliniken\/hildesheim\/\" target=\"_blank\" rel=\"noreferrer noopener\">HELIOS Klinikum Hildesheim<\/a><\/p>\n\n\n\n<p><a href=\"http:\/\/www.bernward-khs.de\/\" target=\"_blank\" rel=\"noreferrer noopener\">Bernward Krankenhaus Hildesheim<\/a><\/p>\n\n\n\n<p><a href=\"http:\/\/www.med.uni-goettingen.de\/\" target=\"_blank\" rel=\"noreferrer noopener\">Universit\u00e4tsmedizin G\u00f6ttingen UMG<\/a><\/p>\n\n\n\n<h3 class=\"wp-block-heading\">Medizin allgemein<\/h3>\n\n\n\n<p><a href=\"http:\/\/www.aekn.de\/\" target=\"_blank\" rel=\"noreferrer noopener\">\u00c4rztekammer Niedersachsen<\/a><\/p>\n\n\n\n<p><a href=\"http:\/\/www.netdoktor.de\/\" target=\"_blank\" rel=\"noreferrer noopener\">NETDOKTOR<\/a> &#8211; Informationen zu Gesundheit und Medizin<\/p>\n\n\n\n<p><a href=\"http:\/\/www.patientenleitlinien.de\/\" target=\"_blank\" rel=\"noreferrer noopener\">www.patientenleitlinien.de<\/a> &#8211; Informationen zu Krankheiten, Untersuchungs- und Behandlungsmethoden<\/p>\n\n\n\n<p><a href=\"http:\/\/www.gesundheit.de\/\" target=\"_blank\" rel=\"noreferrer noopener\">www.gesundheit.de<\/a> &#8211; umfassende Information \u00fcber Krankheiten und Medizin<\/p>\n\n\n\n<h3 class=\"wp-block-heading\">Innere Medizin<\/h3>\n\n\n\n<p><a href=\"https:\/\/www.internisten-im-netz.de\/\" target=\"_blank\" rel=\"noreferrer noopener\">Internisten im Netz<\/a><\/p>\n\n\n\n<p><a href=\"http:\/\/www.dgim.de\/\" target=\"_blank\" rel=\"noreferrer noopener\">Deutsche Gesellschaft f\u00fcr Innere Medizin<\/a><\/p>\n\n\n\n<p><a href=\"https:\/\/www.kompetenznetzwerk-medizin.de\/index.shtml\" target=\"_blank\" rel=\"noreferrer noopener\">www.kompetenznetze-medizin.de<\/a> &#8211; Kompetenznetze in der Medizin verbinden Wissenschaftler, \u00c4rzte und Patienten<\/p>\n\n\n\n<p><a href=\"http:\/\/www.giz-nord.de\" target=\"_blank\" rel=\"noreferrer noopener\">www.giz-nord.de<\/a> &#8211; Giftinformationszentrale<\/p>\n\n\n\n<p><a href=\"http:\/\/www.rki.de\" target=\"_blank\" rel=\"noreferrer noopener\">www.rki.de<\/a> &#8211; Robert Koch-Institut zur Erkennung, Verh\u00fctung und Bek\u00e4mpfung von Krankheiten, insbesondere der Infektionskrankheiten<\/p>\n\n\n<p><!--EndFragment--><\/p>","protected":false},"excerpt":{"rendered":"<p>Weiterf\u00fchrende Links \u00dcber diese Links finden Sie medizinische Informationen, Infos zu Krankenh\u00e4usern und Fach\u00e4rzten in Osterode und Umgebung. Wenn Sie einem Link folgen, dann verlassen unsere Website. F\u00fcr den Inhalt der folgenden Seiten sind wir nicht mehr verantwortlich. Sie suchen einen Facharzt in Ihrer N\u00e4he? Hier finden Sie \u00c4rzte verschiedener Fachrichtungen in Ihrer Umgebung: Arztauskunft &hellip; <\/p>\n<p class=\"link-more\"><a href=\"https:\/\/praxis-leonhardt.de\/?page_id=117\" class=\"more-link\"><span class=\"screen-reader-text\">\u201eWeiterf\u00fchrende Links\u201c <\/span>weiterlesen<\/a><\/p>\n","protected":false},"author":1,"featured_media":0,"parent":0,"menu_order":0,"comment_status":"closed","ping_status":"closed","template":"","meta":{"footnotes":""},"class_list":["post-117","page","type-page","status-publish","hentry"],"_links":{"self":[{"href":"https:\/\/praxis-leonhardt.de\/index.php?rest_route=\/wp\/v2\/pages\/117","targetHints":{"allow":["GET"]}}],"collection":[{"href":"https:\/\/praxis-leonhardt.de\/index.php?rest_route=\/wp\/v2\/pages"}],"about":[{"href":"https:\/\/praxis-leonhardt.de\/index.php?rest_route=\/wp\/v2\/types\/page"}],"author":[{"embeddable":true,"href":"https:\/\/praxis-leonhardt.de\/index.php?rest_route=\/wp\/v2\/users\/1"}],"replies":[{"embeddable":true,"href":"https:\/\/praxis-leonhardt.de\/index.php?rest_route=%2Fwp%2Fv2%2Fcomments&post=117"}],"version-history":[{"count":6,"href":"https:\/\/praxis-leonhardt.de\/index.php?rest_route=\/wp\/v2\/pages\/117\/revisions"}],"predecessor-version":[{"id":614,"href":"https:\/\/praxis-leonhardt.de\/index.php?rest_route=\/wp\/v2\/pages\/117\/revisions\/614"}],"wp:attachment":[{"href":"https:\/\/praxis-leonhardt.de\/index.php?rest_route=%2Fwp%2Fv2%2Fmedia&parent=117"}],"curies":[{"name":"wp","href":"https:\/\/api.w.org\/{rel}","templated":true}]}}