{"id":121,"date":"2019-02-10T13:44:31","date_gmt":"2019-02-10T13:44:31","guid":{"rendered":"http:\/\/praxis-leonhardt.de\/?page_id=121"},"modified":"2021-01-28T08:48:57","modified_gmt":"2021-01-28T08:48:57","slug":"notdienste","status":"publish","type":"page","link":"https:\/\/praxis-leonhardt.de\/?page_id=121","title":{"rendered":"Notdienste"},"content":{"rendered":"\n<h2 class=\"wp-block-heading\">Notdienste <\/h2>\n\n\n\n<h2 class=\"wp-block-heading\"><strong>Notarzt-Rettungsdienst: 112<\/strong><\/h2>\n\n\n\n<p>In lebensbedrohlichen Notf\u00e4llen und bei st\u00e4rksten Schmerzen sowie bei\n Unf\u00e4llen. Insbesondere auch bei Verdacht auf Herzinfarkt und \nSchlaganfall.<\/p>\n\n\n\n<h2 class=\"wp-block-heading\"><strong>\u00c4rztlicher Bereitschaftsdienst: 116 117<\/strong><\/h2>\n\n\n\n<p>Der \u00e4rztliche Bereitschaftsdienst ist zu folgenden Zeiten <strong>telefonisch<\/strong> erreichbar: <\/p>\n\n\n\n<p>Mo., Di., Do. 19:00 &#8211; 7:00 am Folgetag<\/p>\n\n\n\n<p>Mi., Fr. 15:00 &#8211; 7:00 am Folgetag<\/p>\n\n\n\n<p>Sa., So. und feiertags 8:00 &#8211; 7:00 am Folgetag<br><\/p>\n\n\n\n<p><strong>\u00d6ffnungszeiten der Bereitschaftspraxen am Herzberger Krankenhaus<\/strong><\/p>\n\n\n\n<p>Dieser Bereitschaftsdienst ist f\u00fcr\u00a0Krankheiten, die keine Notf\u00e4lle   sind,  deren Behandlung aber nicht bis zum n\u00e4chsten Werktag warten kann. Ab 1. Februar 2021 gibt es neue \u00d6ffnungszeiten.<\/p>\n\n\n\n<p><strong>Anschrift: Dr.-Fr\u00f6ssel-Allee, 37412 Herzberg am Harz<\/strong> <\/p>\n\n\n\n<p>Mi., Fr. 16:00 &#8211; 18:00<br>Sa., So.,\u00a0feiertags, Heiligabend, Silvester 10:00 &#8211; 12:00 und 16:00 &#8211; 18:00<\/p>\n\n\n\n<p>N\u00e4chtlich\n findet haupts\u00e4chlich eine telefonische Beratung statt, bei \nmedizinischer Notwendigkeit werden Hausbesuche durchgef\u00fchrt.\n\n<\/p>\n","protected":false},"excerpt":{"rendered":"<p>Notdienste Notarzt-Rettungsdienst: 112 In lebensbedrohlichen Notf\u00e4llen und bei st\u00e4rksten Schmerzen sowie bei Unf\u00e4llen. Insbesondere auch bei Verdacht auf Herzinfarkt und Schlaganfall. \u00c4rztlicher Bereitschaftsdienst: 116 117 Der \u00e4rztliche Bereitschaftsdienst ist zu folgenden Zeiten telefonisch erreichbar: Mo., Di., Do. 19:00 &#8211; 7:00 am Folgetag Mi., Fr. 15:00 &#8211; 7:00 am Folgetag Sa., So. und feiertags 8:00 &#8211; &hellip; <\/p>\n<p class=\"link-more\"><a href=\"https:\/\/praxis-leonhardt.de\/?page_id=121\" class=\"more-link\"><span class=\"screen-reader-text\">\u201eNotdienste\u201c <\/span>weiterlesen<\/a><\/p>\n","protected":false},"author":1,"featured_media":0,"parent":0,"menu_order":0,"comment_status":"closed","ping_status":"closed","template":"","meta":{"footnotes":""},"class_list":["post-121","page","type-page","status-publish","hentry"],"_links":{"self":[{"href":"https:\/\/praxis-leonhardt.de\/index.php?rest_route=\/wp\/v2\/pages\/121","targetHints":{"allow":["GET"]}}],"collection":[{"href":"https:\/\/praxis-leonhardt.de\/index.php?rest_route=\/wp\/v2\/pages"}],"about":[{"href":"https:\/\/praxis-leonhardt.de\/index.php?rest_route=\/wp\/v2\/types\/page"}],"author":[{"embeddable":true,"href":"https:\/\/praxis-leonhardt.de\/index.php?rest_route=\/wp\/v2\/users\/1"}],"replies":[{"embeddable":true,"href":"https:\/\/praxis-leonhardt.de\/index.php?rest_route=%2Fwp%2Fv2%2Fcomments&post=121"}],"version-history":[{"count":4,"href":"https:\/\/praxis-leonhardt.de\/index.php?rest_route=\/wp\/v2\/pages\/121\/revisions"}],"predecessor-version":[{"id":331,"href":"https:\/\/praxis-leonhardt.de\/index.php?rest_route=\/wp\/v2\/pages\/121\/revisions\/331"}],"wp:attachment":[{"href":"https:\/\/praxis-leonhardt.de\/index.php?rest_route=%2Fwp%2Fv2%2Fmedia&parent=121"}],"curies":[{"name":"wp","href":"https:\/\/api.w.org\/{rel}","templated":true}]}}