{"id":124,"date":"2019-02-10T13:45:18","date_gmt":"2019-02-10T13:45:18","guid":{"rendered":"http:\/\/praxis-leonhardt.de\/?page_id=124"},"modified":"2025-04-23T10:18:40","modified_gmt":"2025-04-23T10:18:40","slug":"patientenverfuegung","status":"publish","type":"page","link":"https:\/\/praxis-leonhardt.de\/?page_id=124","title":{"rendered":"Patientenverf\u00fcgung"},"content":{"rendered":"\n<h2 class=\"wp-block-heading\">\n\t\t\tPatientenverf\u00fcgung\t<\/h2>\n\n\n\n<p><strong>Wenn Sie einem Link folgen, dann verlassen unsere Website. \nF\u00fcr den Inhalt der folgenden Seiten sind wir nicht mehr verantwortlich.<\/strong><\/p>\n\n\n\n<p>Die&nbsp;<a href=\"http:\/\/www.aekn.de\" target=\"_blank\" rel=\"noreferrer noopener\">\u00c4rztekammer Niedersachsen<\/a> stellt einen Vordruck zur Verf\u00fcgung:<\/p>\n\n\n\n<p><a href=\"https:\/\/www.aekn.de\/patientinnen-und-patienten\/patientenverfuegung#c671\" target=\"_blank\" rel=\"noreferrer noopener\">Patientenverf\u00fcgung von der \u00c4rztekammer Niedersachsen:<\/a><\/p>\n\n\n<p><!--EndFragment--><\/p>","protected":false},"excerpt":{"rendered":"<p>Patientenverf\u00fcgung Wenn Sie einem Link folgen, dann verlassen unsere Website. F\u00fcr den Inhalt der folgenden Seiten sind wir nicht mehr verantwortlich. Die&nbsp;\u00c4rztekammer Niedersachsen stellt einen Vordruck zur Verf\u00fcgung: Patientenverf\u00fcgung von der \u00c4rztekammer Niedersachsen:<\/p>\n","protected":false},"author":1,"featured_media":0,"parent":0,"menu_order":0,"comment_status":"closed","ping_status":"closed","template":"","meta":{"footnotes":""},"class_list":["post-124","page","type-page","status-publish","hentry"],"_links":{"self":[{"href":"https:\/\/praxis-leonhardt.de\/index.php?rest_route=\/wp\/v2\/pages\/124","targetHints":{"allow":["GET"]}}],"collection":[{"href":"https:\/\/praxis-leonhardt.de\/index.php?rest_route=\/wp\/v2\/pages"}],"about":[{"href":"https:\/\/praxis-leonhardt.de\/index.php?rest_route=\/wp\/v2\/types\/page"}],"author":[{"embeddable":true,"href":"https:\/\/praxis-leonhardt.de\/index.php?rest_route=\/wp\/v2\/users\/1"}],"replies":[{"embeddable":true,"href":"https:\/\/praxis-leonhardt.de\/index.php?rest_route=%2Fwp%2Fv2%2Fcomments&post=124"}],"version-history":[{"count":2,"href":"https:\/\/praxis-leonhardt.de\/index.php?rest_route=\/wp\/v2\/pages\/124\/revisions"}],"predecessor-version":[{"id":615,"href":"https:\/\/praxis-leonhardt.de\/index.php?rest_route=\/wp\/v2\/pages\/124\/revisions\/615"}],"wp:attachment":[{"href":"https:\/\/praxis-leonhardt.de\/index.php?rest_route=%2Fwp%2Fv2%2Fmedia&parent=124"}],"curies":[{"name":"wp","href":"https:\/\/api.w.org\/{rel}","templated":true}]}}