{"id":30,"date":"2019-02-05T20:08:33","date_gmt":"2019-02-05T20:08:33","guid":{"rendered":"http:\/\/praxis-leonhardt.de\/?page_id=30"},"modified":"2023-05-08T15:11:56","modified_gmt":"2023-05-08T15:11:56","slug":"leistungen","status":"publish","type":"page","link":"https:\/\/praxis-leonhardt.de\/?page_id=30","title":{"rendered":"Leistungen"},"content":{"rendered":"\n<h3 class=\"wp-block-heading\">Diagnostik<\/h3>\n\n\n\n<p>\u00b7 EKG<br>\u00b7 Belastungs-EKG<br>\u00b7 Lungenfunktionsmessung<br>\u00b7 Langzeit-EKG<br>\u00b7 Langzeitblutdruckmessung<br>\u00b7 Laboruntersuchungen (Blut, Urin)<br>\u00b7 Ultraschall von Bauch und Schilddr\u00fcse<\/p>\n\n\n\n<p>Ultraschall von Venen zum Thromboseausschluss <\/p>\n\n\n\n<figure class=\"wp-block-gallery has-nested-images columns-default is-cropped wp-block-gallery-1 is-layout-flex wp-block-gallery-is-layout-flex\">\n<figure class=\"wp-block-image size-large\"><img loading=\"lazy\" decoding=\"async\" width=\"1024\" height=\"683\" data-id=\"260\" src=\"https:\/\/praxis-leonhardt.de\/wp-content\/uploads\/2020\/03\/dietrichkuehne_DSCF1385-1024x683.jpg\" alt=\"\" class=\"wp-image-260\" srcset=\"https:\/\/praxis-leonhardt.de\/wp-content\/uploads\/2020\/03\/dietrichkuehne_DSCF1385-1024x683.jpg 1024w, https:\/\/praxis-leonhardt.de\/wp-content\/uploads\/2020\/03\/dietrichkuehne_DSCF1385-300x200.jpg 300w, https:\/\/praxis-leonhardt.de\/wp-content\/uploads\/2020\/03\/dietrichkuehne_DSCF1385-768x512.jpg 768w, https:\/\/praxis-leonhardt.de\/wp-content\/uploads\/2020\/03\/dietrichkuehne_DSCF1385-1536x1024.jpg 1536w, https:\/\/praxis-leonhardt.de\/wp-content\/uploads\/2020\/03\/dietrichkuehne_DSCF1385.jpg 1920w\" sizes=\"auto, (max-width: 767px) 89vw, (max-width: 1000px) 54vw, (max-width: 1071px) 543px, 580px\" \/><\/figure>\n\n\n\n<figure class=\"wp-block-image size-large\"><img loading=\"lazy\" decoding=\"async\" width=\"1024\" height=\"683\" data-id=\"261\" src=\"https:\/\/praxis-leonhardt.de\/wp-content\/uploads\/2020\/03\/dietrichkuehne_DSCF1467-1024x683.jpg\" alt=\"\" class=\"wp-image-261\" srcset=\"https:\/\/praxis-leonhardt.de\/wp-content\/uploads\/2020\/03\/dietrichkuehne_DSCF1467-1024x683.jpg 1024w, https:\/\/praxis-leonhardt.de\/wp-content\/uploads\/2020\/03\/dietrichkuehne_DSCF1467-300x200.jpg 300w, https:\/\/praxis-leonhardt.de\/wp-content\/uploads\/2020\/03\/dietrichkuehne_DSCF1467-768x512.jpg 768w, https:\/\/praxis-leonhardt.de\/wp-content\/uploads\/2020\/03\/dietrichkuehne_DSCF1467-1536x1024.jpg 1536w, https:\/\/praxis-leonhardt.de\/wp-content\/uploads\/2020\/03\/dietrichkuehne_DSCF1467.jpg 1920w\" sizes=\"auto, (max-width: 767px) 89vw, (max-width: 1000px) 54vw, (max-width: 1071px) 543px, 580px\" \/><\/figure>\n\n\n\n<figure class=\"wp-block-image size-large\"><img loading=\"lazy\" decoding=\"async\" width=\"1024\" height=\"683\" data-id=\"262\" src=\"https:\/\/praxis-leonhardt.de\/wp-content\/uploads\/2020\/03\/dietrichkuehne_DSCF1514-1024x683.jpg\" alt=\"\" class=\"wp-image-262\" srcset=\"https:\/\/praxis-leonhardt.de\/wp-content\/uploads\/2020\/03\/dietrichkuehne_DSCF1514-1024x683.jpg 1024w, https:\/\/praxis-leonhardt.de\/wp-content\/uploads\/2020\/03\/dietrichkuehne_DSCF1514-300x200.jpg 300w, https:\/\/praxis-leonhardt.de\/wp-content\/uploads\/2020\/03\/dietrichkuehne_DSCF1514-768x512.jpg 768w, https:\/\/praxis-leonhardt.de\/wp-content\/uploads\/2020\/03\/dietrichkuehne_DSCF1514-1536x1024.jpg 1536w, https:\/\/praxis-leonhardt.de\/wp-content\/uploads\/2020\/03\/dietrichkuehne_DSCF1514.jpg 1920w\" sizes=\"auto, (max-width: 767px) 89vw, (max-width: 1000px) 54vw, (max-width: 1071px) 543px, 580px\" \/><\/figure>\n\n\n\n<figure class=\"wp-block-image size-large\"><img loading=\"lazy\" decoding=\"async\" width=\"1024\" height=\"683\" data-id=\"263\" src=\"https:\/\/praxis-leonhardt.de\/wp-content\/uploads\/2020\/03\/dietrichkuehne_DSCF1542-1024x683.jpg\" alt=\"\" class=\"wp-image-263\" srcset=\"https:\/\/praxis-leonhardt.de\/wp-content\/uploads\/2020\/03\/dietrichkuehne_DSCF1542-1024x683.jpg 1024w, https:\/\/praxis-leonhardt.de\/wp-content\/uploads\/2020\/03\/dietrichkuehne_DSCF1542-300x200.jpg 300w, https:\/\/praxis-leonhardt.de\/wp-content\/uploads\/2020\/03\/dietrichkuehne_DSCF1542-768x512.jpg 768w, https:\/\/praxis-leonhardt.de\/wp-content\/uploads\/2020\/03\/dietrichkuehne_DSCF1542-1536x1024.jpg 1536w, https:\/\/praxis-leonhardt.de\/wp-content\/uploads\/2020\/03\/dietrichkuehne_DSCF1542.jpg 1920w\" sizes=\"auto, (max-width: 767px) 89vw, (max-width: 1000px) 54vw, (max-width: 1071px) 543px, 580px\" \/><\/figure>\n\n\n\n<figure class=\"wp-block-image size-large\"><img loading=\"lazy\" decoding=\"async\" width=\"1024\" height=\"683\" data-id=\"264\" src=\"https:\/\/praxis-leonhardt.de\/wp-content\/uploads\/2020\/03\/dietrichkuehne_DSCF1558-1024x683.jpg\" alt=\"\" class=\"wp-image-264\" srcset=\"https:\/\/praxis-leonhardt.de\/wp-content\/uploads\/2020\/03\/dietrichkuehne_DSCF1558-1024x683.jpg 1024w, https:\/\/praxis-leonhardt.de\/wp-content\/uploads\/2020\/03\/dietrichkuehne_DSCF1558-300x200.jpg 300w, https:\/\/praxis-leonhardt.de\/wp-content\/uploads\/2020\/03\/dietrichkuehne_DSCF1558-768x512.jpg 768w, https:\/\/praxis-leonhardt.de\/wp-content\/uploads\/2020\/03\/dietrichkuehne_DSCF1558-1536x1024.jpg 1536w, https:\/\/praxis-leonhardt.de\/wp-content\/uploads\/2020\/03\/dietrichkuehne_DSCF1558.jpg 1920w\" sizes=\"auto, (max-width: 767px) 89vw, (max-width: 1000px) 54vw, (max-width: 1071px) 543px, 580px\" \/><\/figure>\n\n\n\n<figure class=\"wp-block-image size-large\"><img loading=\"lazy\" decoding=\"async\" width=\"1024\" height=\"683\" data-id=\"265\" src=\"https:\/\/praxis-leonhardt.de\/wp-content\/uploads\/2020\/03\/dietrichkuehne_DSCF1587-1024x683.jpg\" alt=\"\" class=\"wp-image-265\" srcset=\"https:\/\/praxis-leonhardt.de\/wp-content\/uploads\/2020\/03\/dietrichkuehne_DSCF1587-1024x683.jpg 1024w, https:\/\/praxis-leonhardt.de\/wp-content\/uploads\/2020\/03\/dietrichkuehne_DSCF1587-300x200.jpg 300w, https:\/\/praxis-leonhardt.de\/wp-content\/uploads\/2020\/03\/dietrichkuehne_DSCF1587-768x512.jpg 768w, https:\/\/praxis-leonhardt.de\/wp-content\/uploads\/2020\/03\/dietrichkuehne_DSCF1587-1536x1024.jpg 1536w, https:\/\/praxis-leonhardt.de\/wp-content\/uploads\/2020\/03\/dietrichkuehne_DSCF1587.jpg 1920w\" sizes=\"auto, (max-width: 767px) 89vw, (max-width: 1000px) 54vw, (max-width: 1071px) 543px, 580px\" \/><\/figure>\n\n\n\n<figure class=\"wp-block-image size-large\"><img loading=\"lazy\" decoding=\"async\" width=\"1024\" height=\"683\" data-id=\"266\" src=\"https:\/\/praxis-leonhardt.de\/wp-content\/uploads\/2020\/03\/dietrichkuehne_DSCF1626-1024x683.jpg\" alt=\"\" class=\"wp-image-266\" srcset=\"https:\/\/praxis-leonhardt.de\/wp-content\/uploads\/2020\/03\/dietrichkuehne_DSCF1626-1024x683.jpg 1024w, https:\/\/praxis-leonhardt.de\/wp-content\/uploads\/2020\/03\/dietrichkuehne_DSCF1626-300x200.jpg 300w, https:\/\/praxis-leonhardt.de\/wp-content\/uploads\/2020\/03\/dietrichkuehne_DSCF1626-768x512.jpg 768w, https:\/\/praxis-leonhardt.de\/wp-content\/uploads\/2020\/03\/dietrichkuehne_DSCF1626-1536x1024.jpg 1536w, https:\/\/praxis-leonhardt.de\/wp-content\/uploads\/2020\/03\/dietrichkuehne_DSCF1626.jpg 1920w\" sizes=\"auto, (max-width: 767px) 89vw, (max-width: 1000px) 54vw, (max-width: 1071px) 543px, 580px\" \/><\/figure>\n\n\n\n<figure class=\"wp-block-image size-large\"><img loading=\"lazy\" decoding=\"async\" width=\"1024\" height=\"683\" data-id=\"267\" src=\"https:\/\/praxis-leonhardt.de\/wp-content\/uploads\/2020\/03\/dietrichkuehne_DSCF1639-1024x683.jpg\" alt=\"\" class=\"wp-image-267\" srcset=\"https:\/\/praxis-leonhardt.de\/wp-content\/uploads\/2020\/03\/dietrichkuehne_DSCF1639-1024x683.jpg 1024w, https:\/\/praxis-leonhardt.de\/wp-content\/uploads\/2020\/03\/dietrichkuehne_DSCF1639-300x200.jpg 300w, https:\/\/praxis-leonhardt.de\/wp-content\/uploads\/2020\/03\/dietrichkuehne_DSCF1639-768x512.jpg 768w, https:\/\/praxis-leonhardt.de\/wp-content\/uploads\/2020\/03\/dietrichkuehne_DSCF1639-1536x1024.jpg 1536w, https:\/\/praxis-leonhardt.de\/wp-content\/uploads\/2020\/03\/dietrichkuehne_DSCF1639.jpg 1920w\" sizes=\"auto, (max-width: 767px) 89vw, (max-width: 1000px) 54vw, (max-width: 1071px) 543px, 580px\" \/><\/figure>\n\n\n\n<figure class=\"wp-block-image size-large\"><img loading=\"lazy\" decoding=\"async\" width=\"1024\" height=\"682\" data-id=\"271\" src=\"https:\/\/praxis-leonhardt.de\/wp-content\/uploads\/2020\/03\/dietrichkuehne_DSCF1416-Bearbeitet-1024x682.jpg\" alt=\"\" class=\"wp-image-271\" srcset=\"https:\/\/praxis-leonhardt.de\/wp-content\/uploads\/2020\/03\/dietrichkuehne_DSCF1416-Bearbeitet-1024x682.jpg 1024w, https:\/\/praxis-leonhardt.de\/wp-content\/uploads\/2020\/03\/dietrichkuehne_DSCF1416-Bearbeitet-300x200.jpg 300w, https:\/\/praxis-leonhardt.de\/wp-content\/uploads\/2020\/03\/dietrichkuehne_DSCF1416-Bearbeitet-768x511.jpg 768w, https:\/\/praxis-leonhardt.de\/wp-content\/uploads\/2020\/03\/dietrichkuehne_DSCF1416-Bearbeitet-1536x1022.jpg 1536w, https:\/\/praxis-leonhardt.de\/wp-content\/uploads\/2020\/03\/dietrichkuehne_DSCF1416-Bearbeitet.jpg 1920w\" sizes=\"auto, (max-width: 767px) 89vw, (max-width: 1000px) 54vw, (max-width: 1071px) 543px, 580px\" \/><\/figure>\n\n\n\n<figure class=\"wp-block-image size-large\"><img loading=\"lazy\" decoding=\"async\" width=\"1024\" height=\"583\" data-id=\"272\" src=\"https:\/\/praxis-leonhardt.de\/wp-content\/uploads\/2020\/03\/dietrichkuehne_DSCF1424-1-1024x583.jpg\" alt=\"\" class=\"wp-image-272\" srcset=\"https:\/\/praxis-leonhardt.de\/wp-content\/uploads\/2020\/03\/dietrichkuehne_DSCF1424-1-1024x583.jpg 1024w, https:\/\/praxis-leonhardt.de\/wp-content\/uploads\/2020\/03\/dietrichkuehne_DSCF1424-1-300x171.jpg 300w, https:\/\/praxis-leonhardt.de\/wp-content\/uploads\/2020\/03\/dietrichkuehne_DSCF1424-1-768x438.jpg 768w, https:\/\/praxis-leonhardt.de\/wp-content\/uploads\/2020\/03\/dietrichkuehne_DSCF1424-1-1536x875.jpg 1536w, https:\/\/praxis-leonhardt.de\/wp-content\/uploads\/2020\/03\/dietrichkuehne_DSCF1424-1.jpg 1920w\" sizes=\"auto, (max-width: 767px) 89vw, (max-width: 1000px) 54vw, (max-width: 1071px) 543px, 580px\" \/><\/figure>\n\n\n\n<figure class=\"wp-block-image size-large\"><img loading=\"lazy\" decoding=\"async\" width=\"1024\" height=\"683\" data-id=\"273\" src=\"https:\/\/praxis-leonhardt.de\/wp-content\/uploads\/2020\/03\/dietrichkuehne_DSCF1654-1024x683.jpg\" alt=\"\" class=\"wp-image-273\" srcset=\"https:\/\/praxis-leonhardt.de\/wp-content\/uploads\/2020\/03\/dietrichkuehne_DSCF1654-1024x683.jpg 1024w, https:\/\/praxis-leonhardt.de\/wp-content\/uploads\/2020\/03\/dietrichkuehne_DSCF1654-300x200.jpg 300w, https:\/\/praxis-leonhardt.de\/wp-content\/uploads\/2020\/03\/dietrichkuehne_DSCF1654-768x512.jpg 768w, https:\/\/praxis-leonhardt.de\/wp-content\/uploads\/2020\/03\/dietrichkuehne_DSCF1654-1536x1024.jpg 1536w, https:\/\/praxis-leonhardt.de\/wp-content\/uploads\/2020\/03\/dietrichkuehne_DSCF1654.jpg 1920w\" sizes=\"auto, (max-width: 767px) 89vw, (max-width: 1000px) 54vw, (max-width: 1071px) 543px, 580px\" \/><\/figure>\n\n\n\n<figure class=\"wp-block-image size-large\"><img loading=\"lazy\" decoding=\"async\" width=\"1024\" height=\"683\" data-id=\"277\" src=\"https:\/\/praxis-leonhardt.de\/wp-content\/uploads\/2020\/03\/dietrichkuehne_DSCF1604-1024x683.jpg\" alt=\"\" class=\"wp-image-277\" srcset=\"https:\/\/praxis-leonhardt.de\/wp-content\/uploads\/2020\/03\/dietrichkuehne_DSCF1604-1024x683.jpg 1024w, https:\/\/praxis-leonhardt.de\/wp-content\/uploads\/2020\/03\/dietrichkuehne_DSCF1604-300x200.jpg 300w, https:\/\/praxis-leonhardt.de\/wp-content\/uploads\/2020\/03\/dietrichkuehne_DSCF1604-768x512.jpg 768w, https:\/\/praxis-leonhardt.de\/wp-content\/uploads\/2020\/03\/dietrichkuehne_DSCF1604-1536x1024.jpg 1536w, https:\/\/praxis-leonhardt.de\/wp-content\/uploads\/2020\/03\/dietrichkuehne_DSCF1604.jpg 1920w\" sizes=\"auto, (max-width: 767px) 89vw, (max-width: 1000px) 54vw, (max-width: 1071px) 543px, 580px\" \/><\/figure>\n\n\n\n<figure class=\"wp-block-image size-large\"><img loading=\"lazy\" decoding=\"async\" width=\"1024\" height=\"683\" data-id=\"269\" src=\"https:\/\/praxis-leonhardt.de\/wp-content\/uploads\/2020\/03\/dietrichkuehne_DSCF1410-1024x683.jpg\" alt=\"\" class=\"wp-image-269\" srcset=\"https:\/\/praxis-leonhardt.de\/wp-content\/uploads\/2020\/03\/dietrichkuehne_DSCF1410-1024x683.jpg 1024w, https:\/\/praxis-leonhardt.de\/wp-content\/uploads\/2020\/03\/dietrichkuehne_DSCF1410-300x200.jpg 300w, https:\/\/praxis-leonhardt.de\/wp-content\/uploads\/2020\/03\/dietrichkuehne_DSCF1410-768x512.jpg 768w, https:\/\/praxis-leonhardt.de\/wp-content\/uploads\/2020\/03\/dietrichkuehne_DSCF1410-1536x1024.jpg 1536w, https:\/\/praxis-leonhardt.de\/wp-content\/uploads\/2020\/03\/dietrichkuehne_DSCF1410.jpg 1920w\" sizes=\"auto, (max-width: 767px) 89vw, (max-width: 1000px) 54vw, (max-width: 1071px) 543px, 580px\" \/><\/figure>\n<\/figure>\n\n\n\n<h3 class=\"wp-block-heading\">Therapie<\/h3>\n\n\n\n<p>\u00b7 Kurzwelle (bei muskul\u00e4ren Schmerzen)<\/p>\n\n\n\n<h3 class=\"wp-block-heading\">Impfungen<\/h3>\n\n\n\n<p>Gut verst\u00e4ndliche Informationen \u00fcber die verschiedenen Impfungen bietet das RKI auf dieser Seite: <\/p>\n\n\n\n<p>   <a href=\"https:\/\/www.rki.de\/DE\/Content\/Infekt\/Impfen\/Materialien\/Faktenblaetter\/Faktenblaetter_inhalt.html\" target=\"_blank\" rel=\"noreferrer noopener\">&#8222;Kurz &amp; Knapp: Faktenbl\u00e4tter zum Impfen&#8220;<\/a><\/p>\n\n\n\n<ul class=\"wp-block-list\">\n<li>FSME-Impfung<\/li>\n\n\n\n<li>Herpes-Zoster-Impfung<\/li>\n\n\n\n<li>Influenza-Impfung<\/li>\n\n\n\n<li>HPV-Impfung<\/li>\n\n\n\n<li>Impfungen in der Schwangerschaft<\/li>\n\n\n\n<li>COVID-19-Impfungen<\/li>\n\n\n\n<li>&#8230;<\/li>\n<\/ul>\n\n\n\n<h3 class=\"wp-block-heading\">Vorsorgeuntersuchung<\/h3>\n\n\n\n<p>\u00b7 Gro\u00dfer Gesundheitscheck (ab 35 Jahren)<br>\u00b7 Hautkrebs-Screening (ab 35 Jahren)<br>\u00b7 Krebsvorsorge beim Mann (ab 45 Jahren)<br>\u00b7 Untersuchung auf Blut im Stuhl (ab 50 Jahren)<br>\u00b7  Impfungen (alle von der STIKO empfohlenen regul\u00e4ren Impfungen als  Kassenleistung, spezielle Reiseimpfungen nach R\u00fccksprache als  IGeL-Leistung)<\/p>\n\n\n\n<p>\u00b7 Ultraschall der Bauch-Aorta<\/p>\n\n\n\n<h3 class=\"wp-block-heading\">Hausbesuche<\/h3>\n\n\n\n<p>\u00b7 Bei medizinischer Notwendigkeit f\u00fchren wir Hausbesuche durch.<\/p>\n\n\n\n<figure class=\"wp-block-gallery has-nested-images columns-3 is-cropped wp-block-gallery-2 is-layout-flex wp-block-gallery-is-layout-flex\">\n<figure class=\"wp-block-image size-large\"><img loading=\"lazy\" decoding=\"async\" width=\"400\" height=\"600\" data-id=\"10\" src=\"https:\/\/praxis-leonhardt.de\/wp-content\/uploads\/2019\/02\/flur.jpg\" alt=\"\" class=\"wp-image-10\" srcset=\"https:\/\/praxis-leonhardt.de\/wp-content\/uploads\/2019\/02\/flur.jpg 400w, https:\/\/praxis-leonhardt.de\/wp-content\/uploads\/2019\/02\/flur-200x300.jpg 200w\" sizes=\"auto, (max-width: 400px) 100vw, 400px\" \/><\/figure>\n\n\n\n<figure class=\"wp-block-image size-large\"><img loading=\"lazy\" decoding=\"async\" width=\"400\" height=\"600\" data-id=\"152\" src=\"https:\/\/praxis-leonhardt.de\/wp-content\/uploads\/2019\/02\/Eingang-innen.jpg\" alt=\"\" class=\"wp-image-152\" srcset=\"https:\/\/praxis-leonhardt.de\/wp-content\/uploads\/2019\/02\/Eingang-innen.jpg 400w, https:\/\/praxis-leonhardt.de\/wp-content\/uploads\/2019\/02\/Eingang-innen-200x300.jpg 200w\" sizes=\"auto, (max-width: 400px) 100vw, 400px\" \/><\/figure>\n\n\n\n<figure class=\"wp-block-image size-large\"><img loading=\"lazy\" decoding=\"async\" width=\"600\" height=\"400\" data-id=\"153\" src=\"https:\/\/praxis-leonhardt.de\/wp-content\/uploads\/2019\/02\/Empfang-1.jpg\" alt=\"\" class=\"wp-image-153\" srcset=\"https:\/\/praxis-leonhardt.de\/wp-content\/uploads\/2019\/02\/Empfang-1.jpg 600w, https:\/\/praxis-leonhardt.de\/wp-content\/uploads\/2019\/02\/Empfang-1-300x200.jpg 300w\" sizes=\"auto, (max-width: 600px) 100vw, 600px\" \/><\/figure>\n\n\n\n<figure class=\"wp-block-image size-large\"><img loading=\"lazy\" decoding=\"async\" width=\"600\" height=\"400\" data-id=\"9\" src=\"https:\/\/praxis-leonhardt.de\/wp-content\/uploads\/2019\/02\/Empfang.jpg\" alt=\"\" class=\"wp-image-9\" srcset=\"https:\/\/praxis-leonhardt.de\/wp-content\/uploads\/2019\/02\/Empfang.jpg 600w, https:\/\/praxis-leonhardt.de\/wp-content\/uploads\/2019\/02\/Empfang-300x200.jpg 300w\" sizes=\"auto, (max-width: 600px) 100vw, 600px\" \/><\/figure>\n\n\n\n<figure class=\"wp-block-image size-large\"><img loading=\"lazy\" decoding=\"async\" width=\"600\" height=\"450\" data-id=\"155\" src=\"https:\/\/praxis-leonhardt.de\/wp-content\/uploads\/2019\/02\/Wartezimmer.jpg\" alt=\"\" class=\"wp-image-155\" srcset=\"https:\/\/praxis-leonhardt.de\/wp-content\/uploads\/2019\/02\/Wartezimmer.jpg 600w, https:\/\/praxis-leonhardt.de\/wp-content\/uploads\/2019\/02\/Wartezimmer-300x225.jpg 300w\" sizes=\"auto, (max-width: 600px) 100vw, 600px\" \/><\/figure>\n\n\n\n<figure class=\"wp-block-image size-large\"><img loading=\"lazy\" decoding=\"async\" width=\"600\" height=\"400\" data-id=\"154\" src=\"https:\/\/praxis-leonhardt.de\/wp-content\/uploads\/2019\/02\/Ultraschall.jpg\" alt=\"\" class=\"wp-image-154\" srcset=\"https:\/\/praxis-leonhardt.de\/wp-content\/uploads\/2019\/02\/Ultraschall.jpg 600w, https:\/\/praxis-leonhardt.de\/wp-content\/uploads\/2019\/02\/Ultraschall-300x200.jpg 300w\" sizes=\"auto, (max-width: 600px) 100vw, 600px\" \/><\/figure>\n\n\n\n<figure class=\"wp-block-image size-large\"><img loading=\"lazy\" decoding=\"async\" width=\"500\" height=\"333\" data-id=\"113\" src=\"https:\/\/praxis-leonhardt.de\/wp-content\/uploads\/2019\/02\/DrAmSchreibtisch.jpg\" alt=\"\" class=\"wp-image-113\" srcset=\"https:\/\/praxis-leonhardt.de\/wp-content\/uploads\/2019\/02\/DrAmSchreibtisch.jpg 500w, https:\/\/praxis-leonhardt.de\/wp-content\/uploads\/2019\/02\/DrAmSchreibtisch-300x200.jpg 300w\" sizes=\"auto, (max-width: 500px) 100vw, 500px\" \/><\/figure>\n<\/figure>\n","protected":false},"excerpt":{"rendered":"<p>Diagnostik \u00b7 EKG\u00b7 Belastungs-EKG\u00b7 Lungenfunktionsmessung\u00b7 Langzeit-EKG\u00b7 Langzeitblutdruckmessung\u00b7 Laboruntersuchungen (Blut, Urin)\u00b7 Ultraschall von Bauch und Schilddr\u00fcse Ultraschall von Venen zum Thromboseausschluss Therapie \u00b7 Kurzwelle (bei muskul\u00e4ren Schmerzen) Impfungen Gut verst\u00e4ndliche Informationen \u00fcber die verschiedenen Impfungen bietet das RKI auf dieser Seite: &#8222;Kurz &amp; Knapp: Faktenbl\u00e4tter zum Impfen&#8220; Vorsorgeuntersuchung \u00b7 Gro\u00dfer Gesundheitscheck (ab 35 Jahren)\u00b7 Hautkrebs-Screening (ab &hellip; <\/p>\n<p class=\"link-more\"><a href=\"https:\/\/praxis-leonhardt.de\/?page_id=30\" class=\"more-link\"><span class=\"screen-reader-text\">\u201eLeistungen\u201c <\/span>weiterlesen<\/a><\/p>\n","protected":false},"author":1,"featured_media":0,"parent":0,"menu_order":0,"comment_status":"closed","ping_status":"closed","template":"","meta":{"footnotes":""},"class_list":["post-30","page","type-page","status-publish","hentry"],"_links":{"self":[{"href":"https:\/\/praxis-leonhardt.de\/index.php?rest_route=\/wp\/v2\/pages\/30","targetHints":{"allow":["GET"]}}],"collection":[{"href":"https:\/\/praxis-leonhardt.de\/index.php?rest_route=\/wp\/v2\/pages"}],"about":[{"href":"https:\/\/praxis-leonhardt.de\/index.php?rest_route=\/wp\/v2\/types\/page"}],"author":[{"embeddable":true,"href":"https:\/\/praxis-leonhardt.de\/index.php?rest_route=\/wp\/v2\/users\/1"}],"replies":[{"embeddable":true,"href":"https:\/\/praxis-leonhardt.de\/index.php?rest_route=%2Fwp%2Fv2%2Fcomments&post=30"}],"version-history":[{"count":34,"href":"https:\/\/praxis-leonhardt.de\/index.php?rest_route=\/wp\/v2\/pages\/30\/revisions"}],"predecessor-version":[{"id":560,"href":"https:\/\/praxis-leonhardt.de\/index.php?rest_route=\/wp\/v2\/pages\/30\/revisions\/560"}],"wp:attachment":[{"href":"https:\/\/praxis-leonhardt.de\/index.php?rest_route=%2Fwp%2Fv2%2Fmedia&parent=30"}],"curies":[{"name":"wp","href":"https:\/\/api.w.org\/{rel}","templated":true}]}}