{"id":48,"date":"2019-02-06T10:11:50","date_gmt":"2019-02-06T10:11:50","guid":{"rendered":"http:\/\/praxis-leonhardt.de\/?page_id=48"},"modified":"2023-02-13T10:50:38","modified_gmt":"2023-02-13T10:50:38","slug":"aktuelles","status":"publish","type":"page","link":"https:\/\/praxis-leonhardt.de\/?page_id=48","title":{"rendered":"Corona"},"content":{"rendered":"\n<p><\/p>\n\n\n\n<h2 class=\"wp-block-heading\" id=\"infektsprechstunde-taglich-11-12h\">Infektsprechstunde t\u00e4glich 11-12h<\/h2>\n\n\n\n<p>Wir bieten eine <strong>zeitliche Trennung<\/strong> der Versorgung von Patienten mit <strong>akuten infekti\u00f6sen Atemwegserkrankungen<\/strong> in einer Infektionssprechstunde<strong> jeden Tag von 11 bis 12 Uhr<\/strong> an, so dass potenziell infekti\u00f6se Patienten nicht mit nicht infizierten Patienten zusammentreffen. <\/p>\n\n\n\n<p>In dieser Zeit k\u00f6nnen zu Ihrem eigenen Schutz keine Rezepte abgeholt werden.<\/p>\n\n\n\n<h2 class=\"wp-block-heading\" id=\"der-digitale-impfnachweis\">Der digitale Impfnachweis<\/h2>\n\n\n\n<p>Sie k\u00f6nnen bei uns einen digitalen Impfnachweis erhalten!<\/p>\n\n\n\n<p> Auch wenn Sie anderswo geimpft worden sind, k\u00f6nnen wir Ihnen nach Vorlage des Impfnachweises einen digitalen Impfnachweis ausstellen. <\/p>\n\n\n\n<h2 class=\"wp-block-heading\" id=\"arzt-patientenkontakte-reduzieren\">Arzt-Patientenkontakte reduzieren<\/h2>\n\n\n\n<p>angesichts der Entwicklung der Corona-Pandemie sind wir niedergelassenen \u00c4rzte angehalten, nicht unbedingt notwendige <strong>Arzt-Patientenkontakte<\/strong> oder Patient-Patientenkontakte in der Praxis <strong>m\u00f6glichst gering zu halten<\/strong>.<\/p>\n\n\n\n<h2 class=\"wp-block-heading\" id=\"telefonische-anfrage\">Telefonische Anfrage<\/h2>\n\n\n\n<p>Aus diesem Grunde m\u00f6chte ich Sie bitten, unbedingt <strong>vorher anzurufen<\/strong>, bevor Sie in die Praxis kommen, damit wir einen Termin vereinbaren. <strong>Viele Fragen lassen sich auch telefonisch kl\u00e4ren, ich rufe gerne zur\u00fcck.<\/strong><\/p>\n\n\n\n<h2 class=\"wp-block-heading\" id=\"weiterfuhrende-verlassliche-informationen\">Weiterf\u00fchrende, verl\u00e4ssliche Informationen<\/h2>\n\n\n\n<p>Bundeszentrale f\u00fcr gesundheitliche Aufkl\u00e4rung&nbsp; <a href=\"https:\/\/www.infektionsschutz.de\/coronavirus\/\" target=\"_blank\" rel=\"noreferrer noopener\">https:\/\/www.infektionsschutz.de\/coronavirus\/<\/a><\/p>\n\n\n\n<h2 class=\"wp-block-heading\" id=\"orientierungshilfe-zu-covid-19-bin-ich-betroffen-und-was-ist-zu-tun\">Orientierungshilfe zu Covid-19: Bin ich betroffen und was ist zu tun?<\/h2>\n\n\n\n<p>Hier k\u00f6nnen Sie eine Orientierungshilfe f\u00fcr B\u00fcrger als PDF-Dokument herunterladen, in der erkl\u00e4rt wird, was bei Verdacht auf Covid-19 zu tun ist.<\/p>\n\n\n\n<div class=\"wp-block-file\"><a id=\"wp-block-file--media-ba35b90a-c2c2-43fe-9cd2-574b9cc67a1b\" href=\"https:\/\/praxis-leonhardt.de\/wp-content\/uploads\/2020\/04\/Orientierungshilfe_Buerger.pdf\">Orientierungshilfe_Buerger<\/a><a href=\"https:\/\/praxis-leonhardt.de\/wp-content\/uploads\/2020\/04\/Orientierungshilfe_Buerger.pdf\" class=\"wp-block-file__button wp-element-button\" download aria-describedby=\"wp-block-file--media-ba35b90a-c2c2-43fe-9cd2-574b9cc67a1b\">Herunterladen<\/a><\/div>\n\n\n\n<figure class=\"wp-block-image size-large is-resized\"><img loading=\"lazy\" decoding=\"async\" src=\"https:\/\/praxis-leonhardt.de\/wp-content\/uploads\/2020\/04\/coronavirus-covid-19-microscope.jpg\" alt=\"\" class=\"wp-image-286\" width=\"83\" height=\"80\" srcset=\"https:\/\/praxis-leonhardt.de\/wp-content\/uploads\/2020\/04\/coronavirus-covid-19-microscope.jpg 381w, https:\/\/praxis-leonhardt.de\/wp-content\/uploads\/2020\/04\/coronavirus-covid-19-microscope-300x288.jpg 300w\" sizes=\"auto, (max-width: 83px) 100vw, 83px\" \/><figcaption class=\"wp-element-caption\">Covid-19<\/figcaption><\/figure>\n\n\n\n<h2 class=\"wp-block-heading\" id=\"verdacht-auf-corona-virus\"><strong>Verdacht auf Corona-Virus?<\/strong><\/h2>\n\n\n\n<p>Wenn Sie Sorge haben, dass Sie am Corona-Virus erkrankt sein k\u00f6nnten, rufen Sie uns bitte in der Praxis unter Tel. 2024 an.<\/p>\n\n\n\n<p>Unter der folgenden FAQ-Liste vom Robert-Koch-Institut finden Sie weitere Informationen:<\/p>\n\n\n\n<p><a href=\"https:\/\/www.rki.de\/SharedDocs\/FAQ\/NCOV2019\/gesamt.html\" target=\"_blank\" rel=\"noreferrer noopener\">https:\/\/www.rki.de\/SharedDocs\/FAQ\/NCOV2019\/FAQ_Liste.html<\/a><\/p>\n\n\n\n<p>Hier finden Sie weitere Informationen:<\/p>\n\n\n\n<p><a href=\"https:\/\/www.bundesgesundheitsministerium.de\/coronavirus.html\" target=\"_blank\" rel=\"noreferrer noopener\">https:\/\/www.bundesgesundheitsministerium.de\/coronavirus.html<\/a><\/p>\n\n\n\n<p><a rel=\"noreferrer noopener\" href=\"https:\/\/www.infektionsschutz.de\/coronavirus-sars-cov-2.html\" target=\"_blank\">https:\/\/www.infektionsschutz.de\/coronavirus-sars-cov-2.html<\/a><\/p>\n\n\n\n<h3 class=\"wp-block-heading\" id=\"online-rezeptbestellung\">Online-Rezeptbestellung<\/h3>\n\n\n\n<p>Sie k\u00f6nnen Rezepte auch \u00fcber Email bestellen, wenn Sie ein uns bekannter Patient sind:<\/p>\n\n\n\n<blockquote class=\"wp-block-quote is-layout-flow wp-block-quote-is-layout-flow\">\n<p>rezepte@praxis-leonhardt.de<\/p>\n<\/blockquote>\n\n\n\n<h1 class=\"wp-block-heading\">Impftermine f\u00fcr Corona<\/h1>\n\n\n\n<p id=\"block-60923124-157b-4691-b706-a6786d7c5cbf\">Wenn Sie Patient*in bei uns sind, k\u00f6nnen Sie bei uns eine Auffrischungsimpfung (Booster) zum Schutz vor Corona bekommen. Voraussetzung ist, dass Ihre letzte Impfung oder eine Corona-Infektion mindestens 6 Monate her ist. <\/p>\n\n\n\n<p id=\"block-60923124-157b-4691-b706-a6786d7c5cbf\">Rufen Sie uns an, damit wir im Einzelfall kl\u00e4ren k\u00f6nnen, ob und wann eine weitere Impfung sinnvoll ist.<\/p>\n\n\n\n<p id=\"block-90078b34-6d71-4ee7-8483-278e19d1171a\"><\/p>\n","protected":false},"excerpt":{"rendered":"<p>Infektsprechstunde t\u00e4glich 11-12h Wir bieten eine zeitliche Trennung der Versorgung von Patienten mit akuten infekti\u00f6sen Atemwegserkrankungen in einer Infektionssprechstunde jeden Tag von 11 bis 12 Uhr an, so dass potenziell infekti\u00f6se Patienten nicht mit nicht infizierten Patienten zusammentreffen. In dieser Zeit k\u00f6nnen zu Ihrem eigenen Schutz keine Rezepte abgeholt werden. Der digitale Impfnachweis Sie k\u00f6nnen &hellip; <\/p>\n<p class=\"link-more\"><a href=\"https:\/\/praxis-leonhardt.de\/?page_id=48\" class=\"more-link\"><span class=\"screen-reader-text\">\u201eCorona\u201c <\/span>weiterlesen<\/a><\/p>\n","protected":false},"author":1,"featured_media":0,"parent":0,"menu_order":0,"comment_status":"closed","ping_status":"closed","template":"","meta":{"footnotes":""},"class_list":["post-48","page","type-page","status-publish","hentry"],"_links":{"self":[{"href":"https:\/\/praxis-leonhardt.de\/index.php?rest_route=\/wp\/v2\/pages\/48","targetHints":{"allow":["GET"]}}],"collection":[{"href":"https:\/\/praxis-leonhardt.de\/index.php?rest_route=\/wp\/v2\/pages"}],"about":[{"href":"https:\/\/praxis-leonhardt.de\/index.php?rest_route=\/wp\/v2\/types\/page"}],"author":[{"embeddable":true,"href":"https:\/\/praxis-leonhardt.de\/index.php?rest_route=\/wp\/v2\/users\/1"}],"replies":[{"embeddable":true,"href":"https:\/\/praxis-leonhardt.de\/index.php?rest_route=%2Fwp%2Fv2%2Fcomments&post=48"}],"version-history":[{"count":73,"href":"https:\/\/praxis-leonhardt.de\/index.php?rest_route=\/wp\/v2\/pages\/48\/revisions"}],"predecessor-version":[{"id":539,"href":"https:\/\/praxis-leonhardt.de\/index.php?rest_route=\/wp\/v2\/pages\/48\/revisions\/539"}],"wp:attachment":[{"href":"https:\/\/praxis-leonhardt.de\/index.php?rest_route=%2Fwp%2Fv2%2Fmedia&parent=48"}],"curies":[{"name":"wp","href":"https:\/\/api.w.org\/{rel}","templated":true}]}}