{"id":74,"date":"2019-02-06T10:09:57","date_gmt":"2019-02-06T10:09:57","guid":{"rendered":"http:\/\/praxis-leonhardt.de\/?page_id=74"},"modified":"2019-02-06T10:28:12","modified_gmt":"2019-02-06T10:28:12","slug":"impressum","status":"publish","type":"page","link":"https:\/\/praxis-leonhardt.de\/?page_id=74","title":{"rendered":"Impressum"},"content":{"rendered":"\n<p><strong>Dr. med. Martin Leonhardt<\/strong><\/p>\n\n\n\n<p>Heinrich-Sohnrey-Str. 13<\/p>\n\n\n\n<p>37520 Osterode am Harz<\/p>\n\n\n\n<p>Deutschland<\/p>\n\n\n\n<p>Tel. 05522 &#8211; 2024<\/p>\n\n\n\n<p>Telefax: 05522 &#8211; 920609<\/p>\n\n\n\n<p>E-Mail: info [at] praxis-leonhardt.de<\/p>\n\n\n\n<p>Internet: <a rel=\"noreferrer noopener\" aria-label=\" (\u00f6ffnet in neuem Tab)\" href=\"https:\/\/praxis-leonhardt.de\" target=\"_blank\">https:\/\/praxis-leonhardt.de<\/a><\/p>\n\n\n\n<p><strong><em>Zust\u00e4ndige Kammer:<\/em><\/strong><br>\u00c4rztekammer Niedersachsen,<br>Berliner Allee 20, 30175 Hannover <\/p>\n\n\n\n<p><strong><em>Zust\u00e4ndige kassen\u00e4rztliche Vereinigung:<\/em><\/strong><br>Kassen\u00e4rztliche Vereinigung Niedersachsen, Bezirksstelle G\u00f6ttingen, <br>Elbinger Str. 2, 37083 G\u00f6ttingen<\/p>\n\n\n\n<p><strong><em>Berufsbezeichnung:<\/em><\/strong><br> Arzt (verliehen in der Bundesrepublik Deutschland)<\/p>\n\n\n\n<p><strong><em>Berufsrechtliche Regelungen: <\/em><\/strong><br> &#8211; Berufsordnung der Landes\u00e4rztekammer von Niedersachsen<br> &#8211; Heilberufegesetz des Landes Niedersachsen<\/p>\n\n\n\n<p><strong><em>Haftungshinweis:<\/em><\/strong> <br>Trotz sorgf\u00e4ltiger inhaltlicher Kontrolle \u00fcbernehmen wir keine Haftung f\u00fcr die  Inhalte externer Links. F\u00fcr  den Inhalt der verlinkten  Seiten sind ausschlie\u00dflich  deren Betreiber verantwortlich.<\/p>\n\n\n<p><!--EndFragment--><\/p>\n<p><\/p>","protected":false},"excerpt":{"rendered":"<p>Dr. med. Martin Leonhardt Heinrich-Sohnrey-Str. 13 37520 Osterode am Harz Deutschland Tel. 05522 &#8211; 2024 Telefax: 05522 &#8211; 920609 E-Mail: info [at] praxis-leonhardt.de Internet: https:\/\/praxis-leonhardt.de Zust\u00e4ndige Kammer:\u00c4rztekammer Niedersachsen,Berliner Allee 20, 30175 Hannover Zust\u00e4ndige kassen\u00e4rztliche Vereinigung:Kassen\u00e4rztliche Vereinigung Niedersachsen, Bezirksstelle G\u00f6ttingen, Elbinger Str. 2, 37083 G\u00f6ttingen Berufsbezeichnung: Arzt (verliehen in der Bundesrepublik Deutschland) Berufsrechtliche Regelungen: &#8211; Berufsordnung &hellip; <\/p>\n<p class=\"link-more\"><a href=\"https:\/\/praxis-leonhardt.de\/?page_id=74\" class=\"more-link\"><span class=\"screen-reader-text\">\u201eImpressum\u201c <\/span>weiterlesen<\/a><\/p>\n","protected":false},"author":1,"featured_media":0,"parent":0,"menu_order":0,"comment_status":"closed","ping_status":"closed","template":"","meta":{"footnotes":""},"class_list":["post-74","page","type-page","status-publish","hentry"],"_links":{"self":[{"href":"https:\/\/praxis-leonhardt.de\/index.php?rest_route=\/wp\/v2\/pages\/74","targetHints":{"allow":["GET"]}}],"collection":[{"href":"https:\/\/praxis-leonhardt.de\/index.php?rest_route=\/wp\/v2\/pages"}],"about":[{"href":"https:\/\/praxis-leonhardt.de\/index.php?rest_route=\/wp\/v2\/types\/page"}],"author":[{"embeddable":true,"href":"https:\/\/praxis-leonhardt.de\/index.php?rest_route=\/wp\/v2\/users\/1"}],"replies":[{"embeddable":true,"href":"https:\/\/praxis-leonhardt.de\/index.php?rest_route=%2Fwp%2Fv2%2Fcomments&post=74"}],"version-history":[{"count":7,"href":"https:\/\/praxis-leonhardt.de\/index.php?rest_route=\/wp\/v2\/pages\/74\/revisions"}],"predecessor-version":[{"id":93,"href":"https:\/\/praxis-leonhardt.de\/index.php?rest_route=\/wp\/v2\/pages\/74\/revisions\/93"}],"wp:attachment":[{"href":"https:\/\/praxis-leonhardt.de\/index.php?rest_route=%2Fwp%2Fv2%2Fmedia&parent=74"}],"curies":[{"name":"wp","href":"https:\/\/api.w.org\/{rel}","templated":true}]}}