{"id":97,"date":"2019-02-06T10:32:39","date_gmt":"2019-02-06T10:32:39","guid":{"rendered":"http:\/\/praxis-leonhardt.de\/?page_id=97"},"modified":"2026-01-29T14:14:23","modified_gmt":"2026-01-29T14:14:23","slug":"kontakt","status":"publish","type":"page","link":"https:\/\/praxis-leonhardt.de\/?page_id=97","title":{"rendered":"Kontakt und Sprechzeiten"},"content":{"rendered":"\n<h4 class=\"wp-block-heading\">Anschrift:<\/h4>\n\n\n\n<p><strong>Heinrich-Sohnrey-Stra\u00dfe 13<\/strong><br> 37520 Osterode am Harz<\/p>\n\n\n\n<p><strong>Telefon: 05522 &#8211; 2024<\/strong><br>Telefax: 05522 &#8211; 920609  <br>Email: info@praxis-leonhardt.de<\/p>\n\n\n\n<h4 class=\"wp-block-heading\"><strong>KIM-Adresse<\/strong> <\/h4>\n\n\n\n<p>dr_leonhardt_37520@mail.kim.telematik<\/p>\n\n\n\n<h3 class=\"wp-block-heading\">Sprechzeiten <\/h3>\n\n\n\n<div class=\"wp-block-group is-vertical is-layout-flex wp-container-core-group-is-layout-8cf370e7 wp-block-group-is-layout-flex\">\n<div class=\"wp-block-group is-vertical is-layout-flex wp-container-core-group-is-layout-8cf370e7 wp-block-group-is-layout-flex\">\n<p class=\"has-pale-pink-background-color has-background\">Montag, Dienstag, Donnerstag, Freitag: 8 &#8211; 12 Uhr<\/p>\n\n\n\n<p class=\"has-pale-pink-background-color has-background\"><strong>NEU: Mittwoch: 7 &#8211; 12 Uhr<\/strong><\/p>\n\n\n\n<p class=\"has-pale-pink-background-color has-background\">Montag und Donnerstag: 16 &#8211; 18 Uhr<\/p>\n\n\n\n<p class=\"has-pale-pink-background-color has-background\">und nach Vereinbarung<\/p>\n<\/div>\n<\/div>\n\n\n\n<p>Bitte vereinbaren Sie mit uns einen Termin. Dadurch k\u00f6nnen wir besser planen und die Wartezeiten f\u00fcr alle unsere Patienten verringern sich.<\/p>\n\n\n\n<p>Wenn Sie ein akutes, wom\u00f6glich lebensbedrohliches Problem hat, kommen Sie bitte sofort in die Praxis.<\/p>\n\n\n\n<figure class=\"wp-block-image size-large\"><img loading=\"lazy\" decoding=\"async\" width=\"1024\" height=\"683\" src=\"https:\/\/praxis-leonhardt.de\/wp-content\/uploads\/2020\/03\/kontakt-1024x683.jpg\" alt=\"\" class=\"wp-image-257\" srcset=\"https:\/\/praxis-leonhardt.de\/wp-content\/uploads\/2020\/03\/kontakt-1024x683.jpg 1024w, https:\/\/praxis-leonhardt.de\/wp-content\/uploads\/2020\/03\/kontakt-300x200.jpg 300w, https:\/\/praxis-leonhardt.de\/wp-content\/uploads\/2020\/03\/kontakt-768x512.jpg 768w, https:\/\/praxis-leonhardt.de\/wp-content\/uploads\/2020\/03\/kontakt-1536x1024.jpg 1536w, https:\/\/praxis-leonhardt.de\/wp-content\/uploads\/2020\/03\/kontakt.jpg 1920w\" sizes=\"auto, (max-width: 767px) 89vw, (max-width: 1000px) 54vw, (max-width: 1071px) 543px, 580px\" \/><\/figure>\n\n\n\n<h3 class=\"wp-block-heading\">Telefonische Sprechstunde: <\/h3>\n\n\n\n<p>Dienstag: 16 &#8211; 18 Uhr (bei Notf\u00e4llen vertritt Stephan Meier, Tel. 71100)<br>Freitag: 11 &#8211; 12 Uhr<\/p>\n\n\n\n<p>In der Telefonsprechstunde rufen wir Sie an, um in Ruhe \u00fcber Ihre Belange zu sprechen. Dies kann zum Besprechen von Blutwerte o.\u00e4. sein, wenn Sie daf\u00fcr nicht noch einmal extra in die Praxis kommen m\u00f6chten.<\/p>\n\n\n\n<h3 class=\"wp-block-heading\">Rezeptbestellungen<\/h3>\n\n\n\n<p>Wenn wir Sie bereits kennen, k\u00f6nnen Sie Ihre Folgerezepte gern \u00fcber Email oder telefonisch bei uns bestellen:<\/p>\n\n\n\n<blockquote class=\"wp-block-quote is-layout-flow wp-block-quote-is-layout-flow\">\n<p>Email f\u00fcr Rezeptbestellung: <strong>rezepte [at] praxis-leonhardt.de<\/strong><\/p>\n\n\n\n<p>Telefon: 05522 &#8211; 2024<\/p>\n<\/blockquote>\n\n\n<p><!--EndFragment--><\/p>\n<\/p>\n\n\n<p><\/p>\n","protected":false},"excerpt":{"rendered":"<p>Anschrift: Heinrich-Sohnrey-Stra\u00dfe 13 37520 Osterode am Harz Telefon: 05522 &#8211; 2024Telefax: 05522 &#8211; 920609 Email: info@praxis-leonhardt.de KIM-Adresse dr_leonhardt_37520@mail.kim.telematik Sprechzeiten Montag, Dienstag, Donnerstag, Freitag: 8 &#8211; 12 Uhr NEU: Mittwoch: 7 &#8211; 12 Uhr Montag und Donnerstag: 16 &#8211; 18 Uhr und nach Vereinbarung Bitte vereinbaren Sie mit uns einen Termin. Dadurch k\u00f6nnen wir besser planen &hellip; <\/p>\n<p class=\"link-more\"><a href=\"https:\/\/praxis-leonhardt.de\/?page_id=97\" class=\"more-link\"><span class=\"screen-reader-text\">\u201eKontakt und Sprechzeiten\u201c <\/span>weiterlesen<\/a><\/p>\n","protected":false},"author":1,"featured_media":0,"parent":0,"menu_order":0,"comment_status":"closed","ping_status":"closed","template":"","meta":{"footnotes":""},"class_list":["post-97","page","type-page","status-publish","hentry"],"_links":{"self":[{"href":"https:\/\/praxis-leonhardt.de\/index.php?rest_route=\/wp\/v2\/pages\/97","targetHints":{"allow":["GET"]}}],"collection":[{"href":"https:\/\/praxis-leonhardt.de\/index.php?rest_route=\/wp\/v2\/pages"}],"about":[{"href":"https:\/\/praxis-leonhardt.de\/index.php?rest_route=\/wp\/v2\/types\/page"}],"author":[{"embeddable":true,"href":"https:\/\/praxis-leonhardt.de\/index.php?rest_route=\/wp\/v2\/users\/1"}],"replies":[{"embeddable":true,"href":"https:\/\/praxis-leonhardt.de\/index.php?rest_route=%2Fwp%2Fv2%2Fcomments&post=97"}],"version-history":[{"count":15,"href":"https:\/\/praxis-leonhardt.de\/index.php?rest_route=\/wp\/v2\/pages\/97\/revisions"}],"predecessor-version":[{"id":638,"href":"https:\/\/praxis-leonhardt.de\/index.php?rest_route=\/wp\/v2\/pages\/97\/revisions\/638"}],"wp:attachment":[{"href":"https:\/\/praxis-leonhardt.de\/index.php?rest_route=%2Fwp%2Fv2%2Fmedia&parent=97"}],"curies":[{"name":"wp","href":"https:\/\/api.w.org\/{rel}","templated":true}]}}